{"id":28,"date":"2011-10-26T14:20:46","date_gmt":"2011-10-26T14:20:46","guid":{"rendered":"http:\/\/fotokaupanliitto.fi\/press\/?page_id=28"},"modified":"2019-11-26T10:51:52","modified_gmt":"2019-11-26T08:51:52","slug":"fotokaupanliitto","status":"publish","type":"page","link":"https:\/\/fotokaupanliitto.fi\/press\/fotokaupanliitto\/","title":{"rendered":"Fotokaupanliitto"},"content":{"rendered":"<h2>Suomen Fotokaupanliitto ry ajaa etujasi &#8211; liity j\u00e4seneksi<\/h2>\n<p>Yhdistys perustettiin vuonna 1918 sitten ajamaan j\u00e4senist\u00f6ns\u00e4 etuja. J\u00e4senkuntaan kuuluu fotov\u00e4hitt\u00e4iskauppaa harjoittavia yrityksi\u00e4, sek\u00e4 tavarantoimittajia yhteistoimintaj\u00e4senin\u00e4. Yhdistys j\u00e4rjest\u00e4\u00e4 alan ammatillista koulutusta, tiedottaa j\u00e4senist\u00f6lle ajankohtaisista asioista, on mukana alan tutkimustoiminnassa, j\u00e4rjest\u00e4\u00e4 n\u00e4yttelyit\u00e4 ja kampanjoita sek\u00e4 kehitt\u00e4\u00e4 ja yll\u00e4pit\u00e4\u00e4 yhteisty\u00f6t\u00e4 mm. tavarantoimittajien ja kuluttajaviranomaisten kanssa.<\/p>\n<p>Yhteisvoima kantaa eteenp\u00e4in!<\/p>\n<p>Muiden kaupan alojen tavoin fotokauppa tarvitsee yhteisvoimaa etujensa ajamiseen. \u00a0V\u00e4hitt\u00e4iskauppaa harjoittava fotoalan yritys voi liitty\u00e4 Suomen Fotokaupan Liitto ry:n j\u00e4seneksi ja olla siten kehitt\u00e4m\u00e4ss\u00e4 fotoalaa ja ajamassa sen etuja. Yhten\u00e4inen, koko kauppiaskunnan kattava toimialaj\u00e4rjest\u00f6 edustaa voimaa, joka koituu jokaisen j\u00e4senen eduksi. Mit\u00e4 kattavampi j\u00e4senist\u00f6mme on, sit\u00e4 paremmat ja vahvemmat asemamme ovat neuvotteluissa maahantuojien ja viranomaisten kanssa.<\/p>\n","protected":false},"excerpt":{"rendered":"<p>Suomen Fotokaupanliitto ry ajaa etujasi &#8211; liity j\u00e4seneksi Yhdistys perustettiin vuonna 1918 sitten ajamaan j\u00e4senist\u00f6ns\u00e4 etuja. J\u00e4senkuntaan kuuluu fotov\u00e4hitt\u00e4iskauppaa harjoittavia yrityksi\u00e4, sek\u00e4 tavarantoimittajia yhteistoimintaj\u00e4senin\u00e4. Yhdistys j\u00e4rjest\u00e4\u00e4 alan ammatillista koulutusta, tiedottaa&#8230;<\/p>\n","protected":false},"author":1,"featured_media":0,"parent":0,"menu_order":3,"comment_status":"open","ping_status":"open","template":"","meta":{"footnotes":""},"_links":{"self":[{"href":"https:\/\/fotokaupanliitto.fi\/press\/wp-json\/wp\/v2\/pages\/28"}],"collection":[{"href":"https:\/\/fotokaupanliitto.fi\/press\/wp-json\/wp\/v2\/pages"}],"about":[{"href":"https:\/\/fotokaupanliitto.fi\/press\/wp-json\/wp\/v2\/types\/page"}],"author":[{"embeddable":true,"href":"https:\/\/fotokaupanliitto.fi\/press\/wp-json\/wp\/v2\/users\/1"}],"replies":[{"embeddable":true,"href":"https:\/\/fotokaupanliitto.fi\/press\/wp-json\/wp\/v2\/comments?post=28"}],"version-history":[{"count":7,"href":"https:\/\/fotokaupanliitto.fi\/press\/wp-json\/wp\/v2\/pages\/28\/revisions"}],"predecessor-version":[{"id":3210,"href":"https:\/\/fotokaupanliitto.fi\/press\/wp-json\/wp\/v2\/pages\/28\/revisions\/3210"}],"wp:attachment":[{"href":"https:\/\/fotokaupanliitto.fi\/press\/wp-json\/wp\/v2\/media?parent=28"}],"curies":[{"name":"wp","href":"https:\/\/api.w.org\/{rel}","templated":true}]}}