{"id":2846,"date":"2015-06-01T08:18:11","date_gmt":"2015-06-01T08:18:11","guid":{"rendered":"http:\/\/kedavra5.themesawesome.com\/?page_id=4"},"modified":"2019-12-10T09:55:39","modified_gmt":"2019-12-10T07:55:39","slug":"welcome","status":"publish","type":"page","link":"https:\/\/fotokaupanliitto.fi\/press\/","title":{"rendered":"Welcome"},"content":{"rendered":"<div id=\"pl-2846\"  class=\"panel-layout\" ><div id=\"pg-2846-0\"  class=\"panel-grid panel-has-style\" ><div class=\"siteorigin-panels-stretch panel-row-style panel-row-style-for-2846-0\" data-stretch-type=\"full-stretched\" ><div id=\"pgc-2846-0-0\"  class=\"panel-grid-cell\" ><div id=\"panel-2846-0-0-0\" class=\"so-panel widget widget_heroimage-block panel-first-child panel-last-child\" data-index=\"0\" ><div class=\"panel-widget-style panel-widget-style-for-2846-0-0-0\" ><div\n\t\t\t\n\t\t\tclass=\"so-widget-heroimage-block so-widget-heroimage-block-base\"\n\t\t\t\n\t\t>\r\n<div class=\"page-title agency\">\r\n    <div class=\"cover wow fadeIn\">\r\n        <div class=\"overlay\">\r\n            <div class=\"border\">\r\n                <div class=\"content vertical-center text-center\">\r\n                    <img decoding=\"async\" src=\"\" class=\"wow fadeIn\" data-wow-delay=\"0.5s\">\r\n                    <h2 class=\"title wow fadeIn\" data-wow-delay=\"0.5s\" style=\"color: #ffffff;\">Suomen Fotokaupan liitto<\/h2>\r\n                    <div class=\"wow fadeIn\" data-wow-delay=\"0.5s\"><p>Pikselintarkkaa edunvalvontaa vuodesta 1918<\/p><\/div>\r\n                <\/div>      \r\n            <\/div>\r\n        <\/div>\r\n    <\/div>\r\n<\/div>\r\n<\/div><\/div><\/div><\/div><\/div><\/div><div id=\"pg-2846-1\"  class=\"panel-grid panel-no-style\" ><div id=\"pgc-2846-1-0\"  class=\"panel-grid-cell\" ><\/div><div id=\"pgc-2846-1-1\"  class=\"panel-grid-cell\" ><\/div><\/div><div id=\"pg-2846-2\"  class=\"panel-grid panel-has-style\" ><div class=\"panel-row-style panel-row-style-for-2846-2\" ><div id=\"pgc-2846-2-0\"  class=\"panel-grid-cell\" ><div id=\"panel-2846-2-0-0\" class=\"so-panel widget widget_title-block panel-first-child\" data-index=\"3\" ><div\n\t\t\t\n\t\t\tclass=\"so-widget-title-block so-widget-title-block-base\"\n\t\t\t\n\t\t>\r\n\t<div class=\"section-title\">\r\n        <h3 class=\"title agency wow fadeIn\" data-wow-delay=\"0.2s\" style=\"text-align: left; color: #333333; \">Suomen Fotokaupan Liitto<\/h3>\r\n        <div class=\"wow fadeIn\" data-wow-delay=\"0.2s\" style=\"text-align: left;\">Suomen Fotokaupan Liitto toimii valokuvaustarvikealan v\u00e4hitt\u00e4iskauppaa harjoittavien yhteisen\u00e4 etuj\u00e4rjest\u00f6n\u00e4. Liiton tarkoituksen on kehitt\u00e4\u00e4 alan markkinoiden yleisi\u00e4 edellytyksi\u00e4 ja vahvistaa alan erikoiskaupan asemaa. Tarjoamme j\u00e4senillemme mahdollisuuksia kouluttautumiseen sek\u00e4 ty\u00f6kaluja oman liiketoimintansa kehitt\u00e4miseen.<\/div>\r\n    <\/div>\r\n<\/div><\/div>\n\t\t<div id=\"panel-2846-2-0-1\" class=\"so-panel widget widget_recent-posts widget_recent_entries panel-last-child\" data-index=\"4\" >\n\t\t<h3 class=\"widget-title\">Uutiset<\/h3>\n\t\t<ul>\n\t\t\t\t\t\t\t\t\t\t\t<li>\n\t\t\t\t\t<a href=\"https:\/\/fotokaupanliitto.fi\/press\/ajankohtaista\/fkl-ja-myry-yhteistyohon\/\">FKL ja MYRY yhteisty\u00f6h\u00f6n<\/a>\n\t\t\t\t\t\t\t\t\t\t\t<span class=\"post-date\">19.4.2024<\/span>\n\t\t\t\t\t\t\t\t\t<\/li>\n\t\t\t\t\t\t\t\t\t\t\t<li>\n\t\t\t\t\t<a href=\"https:\/\/fotokaupanliitto.fi\/press\/ajankohtaista\/toimisto-muuttaa\/\">Toimisto muuttaa<\/a>\n\t\t\t\t\t\t\t\t\t\t\t<span class=\"post-date\">29.1.2024<\/span>\n\t\t\t\t\t\t\t\t\t<\/li>\n\t\t\t\t\t\t\t\t\t\t\t<li>\n\t\t\t\t\t<a href=\"https:\/\/fotokaupanliitto.fi\/press\/ajankohtaista\/kuvatapio-valittu-vuoden-lansihelsinkilaiseksi-yritykseksi\/\">Kuvatapio valittu vuoden l\u00e4nsihelsinkil\u00e4iseksi yritykseksi<\/a>\n\t\t\t\t\t\t\t\t\t\t\t<span class=\"post-date\">7.2.2020<\/span>\n\t\t\t\t\t\t\t\t\t<\/li>\n\t\t\t\t\t\t\t\t\t\t\t<li>\n\t\t\t\t\t<a href=\"https:\/\/fotokaupanliitto.fi\/press\/ajankohtaista\/tulossa-tapahtuma-liittyen-varienhallintaan-ja-laitteiston-kalibrointiin\/\">Tulossa tapahtuma liittyen v\u00e4rienhallintaan ja laitteiston kalibrointiin<\/a>\n\t\t\t\t\t\t\t\t\t\t\t<span class=\"post-date\">4.12.2019<\/span>\n\t\t\t\t\t\t\t\t\t<\/li>\n\t\t\t\t\t\t\t\t\t\t\t<li>\n\t\t\t\t\t<a href=\"https:\/\/fotokaupanliitto.fi\/press\/ajankohtaista\/valokuvan-lait-teos-ilmestynyt\/\">Valokuvan lait -teos ilmestynyt<\/a>\n\t\t\t\t\t\t\t\t\t\t\t<span class=\"post-date\">26.11.2019<\/span>\n\t\t\t\t\t\t\t\t\t<\/li>\n\t\t\t\t\t\t\t\t\t\t\t<li>\n\t\t\t\t\t<a href=\"https:\/\/fotokaupanliitto.fi\/press\/ajankohtaista\/luppaan-kirjautumisen-muutokset\/\">Luppaan kirjautumisen muutokset<\/a>\n\t\t\t\t\t\t\t\t\t\t\t<span class=\"post-date\">20.11.2019<\/span>\n\t\t\t\t\t\t\t\t\t<\/li>\n\t\t\t\t\t\t\t\t\t\t\t<li>\n\t\t\t\t\t<a href=\"https:\/\/fotokaupanliitto.fi\/press\/ajankohtaista\/vuosikokouksen-tunnelmia\/\">Vuosikokouksen tunnelmia<\/a>\n\t\t\t\t\t\t\t\t\t\t\t<span class=\"post-date\">21.10.2019<\/span>\n\t\t\t\t\t\t\t\t\t<\/li>\n\t\t\t\t\t<\/ul>\n\n\t\t<\/div><\/div><div id=\"pgc-2846-2-1\"  class=\"panel-grid-cell\" ><div id=\"panel-2846-2-1-0\" class=\"so-panel widget widget_image-block panel-first-child panel-last-child\" data-index=\"5\" ><div\n\t\t\t\n\t\t\tclass=\"so-widget-image-block so-widget-image-block-base\"\n\t\t\t\n\t\t>\r\n<div class=\"big-image\">\r\n\t<img decoding=\"async\" src=\"https:\/\/fotokaupanliitto.fi\/press\/wp-content\/uploads\/2019\/10\/Passikuvanammattilainen-300x300.jpg\">\r\n<\/div><\/div><\/div><\/div><\/div><\/div><div id=\"pg-2846-3\"  class=\"panel-grid panel-has-style\" ><div class=\"siteorigin-panels-stretch panel-row-style panel-row-style-for-2846-3\" data-stretch-type=\"full\" ><div id=\"pgc-2846-3-0\"  class=\"panel-grid-cell\" ><div id=\"panel-2846-3-0-0\" class=\"so-panel widget widget_title-block panel-first-child\" data-index=\"6\" ><div\n\t\t\t\n\t\t\tclass=\"so-widget-title-block so-widget-title-block-base\"\n\t\t\t\n\t\t>\r\n\t<div class=\"section-title\">\r\n        <h3 class=\"title agency wow fadeIn\" data-wow-delay=\"0.2s\" style=\"text-align: center; color: #333333; \">Yhteisty\u00f6kumppanit<\/h3>\r\n        <div class=\"wow fadeIn\" data-wow-delay=\"0.2s\" style=\"text-align: center;\"><\/div>\r\n    <\/div>\r\n<\/div><\/div><div id=\"panel-2846-3-0-1\" class=\"so-panel widget widget_partner-block panel-last-child\" data-index=\"7\" ><div\n\t\t\t\n\t\t\tclass=\"so-widget-partner-block so-widget-partner-block-base\"\n\t\t\t\n\t\t><!-- section -->\r\n<div class=\"container clearfix\">\r\n<div id=\"sponsors\">\r\n\t<div class=\"sponsor-wrapper\">\r\n\t\t\t<div class=\"sponsor\">\r\n\t\t\t<a href=\"#\">\r\n\t\t\t\t<img decoding=\"async\" src=\"https:\/\/fotokaupanliitto.fi\/press\/wp-content\/uploads\/2019\/11\/footer-edmark.png\"  alt=\"Ed-Mark Oy\"  \/>\r\n\t\t\t<\/a>\r\n\t\t<\/div>\r\n\t\t\t\t<div class=\"sponsor\">\r\n\t\t\t<a href=\"#\">\r\n\t\t\t\t<img decoding=\"async\" src=\"https:\/\/fotokaupanliitto.fi\/press\/wp-content\/uploads\/2019\/11\/footer-fuji.png\"  alt=\"FUJIFILM\"  \/>\r\n\t\t\t<\/a>\r\n\t\t<\/div>\r\n\t\t\t\t<div class=\"sponsor\">\r\n\t\t\t<a href=\"#\">\r\n\t\t\t\t<img decoding=\"async\" src=\"https:\/\/fotokaupanliitto.fi\/press\/wp-content\/uploads\/2019\/11\/footer-nikon.png\"  alt=\"Nikon\"  \/>\r\n\t\t\t<\/a>\r\n\t\t<\/div>\r\n\t\t\t\t<div class=\"sponsor\">\r\n\t\t\t<a href=\"#\">\r\n\t\t\t\t<img decoding=\"async\" src=\"https:\/\/fotokaupanliitto.fi\/press\/wp-content\/uploads\/2019\/11\/synigo_logo.png\"  alt=\"Synigo\"  \/>\r\n\t\t\t<\/a>\r\n\t\t<\/div>\r\n\t\t\t\t<div class=\"sponsor\">\r\n\t\t\t<a href=\"#\">\r\n\t\t\t\t<img decoding=\"async\" src=\"https:\/\/fotokaupanliitto.fi\/press\/wp-content\/uploads\/2014\/04\/footer-interfoto.png\"  alt=\"Interfoto\"  \/>\r\n\t\t\t<\/a>\r\n\t\t<\/div>\r\n\t\t\t<\/div>\r\n<\/div>\r\n<!-- section -->\r\n<script type=\"text\/javascript\">\r\n    jQuery(document).ready(function() {\r\n\r\n         jQuery(\".sponsor-wrapper\").owlCarousel({\r\n            items: 6,\r\n            pagination: false,\r\n            navigation: false,\r\n                    \r\n         });\r\n    });\r\n<\/script>\r\n<\/div><\/div><\/div><\/div><\/div><\/div><\/div>","protected":false},"excerpt":{"rendered":"<p>Suomen Fotokaupan liitto Pikselintarkkaa edunvalvontaa vuodesta 1918 Suomen Fotokaupan Liitto Suomen Fotokaupan Liitto toimii valokuvaustarvikealan v\u00e4hitt\u00e4iskauppaa harjoittavien yhteisen\u00e4 etuj\u00e4rjest\u00f6n\u00e4. Liiton tarkoituksen on kehitt\u00e4\u00e4 alan markkinoiden yleisi\u00e4 edellytyksi\u00e4 ja vahvistaa alan&#8230;<\/p>\n","protected":false},"author":149,"featured_media":0,"parent":0,"menu_order":0,"comment_status":"open","ping_status":"open","template":"","meta":{"footnotes":""},"_links":{"self":[{"href":"https:\/\/fotokaupanliitto.fi\/press\/wp-json\/wp\/v2\/pages\/2846"}],"collection":[{"href":"https:\/\/fotokaupanliitto.fi\/press\/wp-json\/wp\/v2\/pages"}],"about":[{"href":"https:\/\/fotokaupanliitto.fi\/press\/wp-json\/wp\/v2\/types\/page"}],"author":[{"embeddable":true,"href":"https:\/\/fotokaupanliitto.fi\/press\/wp-json\/wp\/v2\/users\/149"}],"replies":[{"embeddable":true,"href":"https:\/\/fotokaupanliitto.fi\/press\/wp-json\/wp\/v2\/comments?post=2846"}],"version-history":[{"count":145,"href":"https:\/\/fotokaupanliitto.fi\/press\/wp-json\/wp\/v2\/pages\/2846\/revisions"}],"predecessor-version":[{"id":3268,"href":"https:\/\/fotokaupanliitto.fi\/press\/wp-json\/wp\/v2\/pages\/2846\/revisions\/3268"}],"wp:attachment":[{"href":"https:\/\/fotokaupanliitto.fi\/press\/wp-json\/wp\/v2\/media?parent=2846"}],"curies":[{"name":"wp","href":"https:\/\/api.w.org\/{rel}","templated":true}]}}