{"id":3255,"date":"2019-12-09T12:48:11","date_gmt":"2019-12-09T10:48:11","guid":{"rendered":"http:\/\/fotokaupanliitto.fi\/press\/?page_id=3255"},"modified":"2025-10-29T12:50:27","modified_gmt":"2025-10-29T10:50:27","slug":"jasenliikkeet","status":"publish","type":"page","link":"https:\/\/fotokaupanliitto.fi\/press\/jasenliikkeet\/","title":{"rendered":"Lista j\u00e4senliikkeist\u00e4"},"content":{"rendered":"<p><strong>Suomen Fotokaupan Liitto ry:n j\u00e4senliikkeet paikkakunnittain<\/strong><\/p>\n<h3>AKAA<\/h3>\n<p><strong>Timon Kuvakauppa<\/strong><br \/>\nKirkkotori 1, 37800 Akaa<br \/>\n<a href=\"https:\/\/timonkuvakauppa.fi\/\">https:\/\/timonkuvakauppa.fi\/<\/a><\/p>\n<h3>HANKO<\/h3>\n<p><strong>Foto-Par<\/strong><br \/>\nRatakatu 9, 10900 Hanko<br \/>\n<a href=\"https:\/\/foto-par.fujikuvat.fi\/\">https:\/\/foto-par.fujikuvat.fi\/<\/a><\/p>\n<h3>HEINOLA<\/h3>\n<p><strong>Valokuvaamo Irma<\/strong><br \/>\nKauppakatu 13 A, 18100 Heinola<br \/>\n<a href=\"https:\/\/www.valokuvaamoirma.net\/\">https:\/\/www.valokuvaamoirma.net\/<\/a><\/p>\n<h3>HELSINKI<\/h3>\n<p><strong>Aaron Kuva<\/strong><br \/>\nKoskelantie 54, 00610 Helsinki<br \/>\n<a href=\"http:\/\/aaron-kuva-oy.onverkossa.fi\/\">http:\/\/aaron-kuva-oy.onverkossa.fi\/<\/a><\/p>\n<p><strong>Kuvatapio Munkkivuori<\/strong><br \/>\nRaumantie 1, 00350 Helsinki<br \/>\n<a href=\"http:\/\/www.kuvatapio.com\/\">http:\/\/www.kuvatapio.com\/<\/a><\/p>\n<p><strong>MV-Kuvat<\/strong><br \/>\nMalmin kauppatie 18, 00700 Helsinki<br \/>\n<a href=\"https:\/\/www.mv-kuvat.fi\/\">https:\/\/www.mv-kuvat.fi\/<\/a><\/p>\n<h3>HYVINK\u00c4\u00c4<\/h3>\n<p><strong>Fotoman<\/strong><br \/>\nUudenmaankatu 5-9, 05800 Hyvink\u00e4\u00e4<br \/>\n<a href=\"https:\/\/www.fotoman.fi\/\">https:\/\/www.fotoman.fi\/<\/a><\/p>\n<h3>H\u00c4MEENLINNA<\/h3>\n<p><strong>H\u00e4meenlinnan Kuvapalvelu<\/strong><br \/>\nKasarmikatu 6, 13100 H\u00e4meenlinna<br \/>\n<a href=\"https:\/\/www.kuvapalvelu.net\/\">https:\/\/www.kuvapalvelu.net\/<\/a><\/p>\n<h3>JOENSUU<\/h3>\n<p><strong>Kuvamestari Joensuu<\/strong><br \/>\nKirkkokatu 27, 80100 Joensuu<br \/>\n<a href=\"https:\/\/www.kuvamestarijoensuu.fi\/\">https:\/\/www.kuvamestarijoensuu.fi\/<\/a><\/p>\n<h3>KAJAANI<\/h3>\n<p><strong>Kuvakeskus Hynninen<\/strong><br \/>\nKauppakatu 17, 87100 Kajaani<br \/>\n<a href=\"https:\/\/kuva-hynninen.fi\/\">https:\/\/kuva-hynninen.fi\/<\/a><\/p>\n<h3>KANKAANP\u00c4\u00c4<\/h3>\n<p><strong>Kankaanp\u00e4\u00e4n Kuva-Center<\/strong><br \/>\nTorikatu 10, 38700 Kankaanp\u00e4\u00e4<br \/>\n<a href=\"https:\/\/kuvacenter.net\/\">https:\/\/kuvacenter.net\/<\/a><\/p>\n<h3>KEURUU<\/h3>\n<p><strong>Keurusfoto<\/strong><br \/>\nKeuruuntie 11, 42700 Keuruu<br \/>\n<a href=\"https:\/\/www.keurusfoto.com\/\">https:\/\/www.keurusfoto.com\/<\/a><\/p>\n<h3>KOKKOLA<\/h3>\n<p><strong>Kokkolan Kuvatiimi<\/strong><br \/>\nRantalatu 8, 67100 Kokkola<br \/>\n<a href=\"http:\/\/kuvatiimi.fi\/\">http:\/\/kuvatiimi.fi\/<\/a><\/p>\n<h3>KOTKA<\/h3>\n<p><strong>Kuva KM Salonen<\/strong><br \/>\nKeskuskatu 10, 48100 Kotka<br \/>\n<a href=\"http:\/\/www.kuvasalonen.fi\/fi\/\">http:\/\/www.kuvasalonen.fi\/fi\/<\/a><\/p>\n<h3>LAPUA<\/h3>\n<p><strong>E-P:n Kuvapalvelu<\/strong><br \/>\nKauppakatu 4, 62100 Lapua<br \/>\n<a href=\"http:\/\/epnkuvapalvelu.fi\/\">http:\/\/epnkuvapalvelu.fi\/<\/a><\/p>\n<h3>MIKKELI<\/h3>\n<p><strong>KuvaMatti<\/strong><br \/>\nVuorikatu 7, 50100 Mikkeli<br \/>\n<a href=\"https:\/\/kuvamatti.fi\/\">https:\/\/kuvamatti.fi\/<\/a><\/p>\n<h3>NOKIA<\/h3>\n<p><strong>Nokian Valokuvatarvike<\/strong><br \/>\nYritt\u00e4j\u00e4katu 20, 37100 Nokia<br \/>\n<a href=\"https:\/\/www.nokianvalokuvatarvike.net\/\">https:\/\/www.nokianvalokuvatarvike.net\/<\/a><\/p>\n<h3>PIETARSAARI<\/h3>\n<p><strong>Foto Elite<\/strong><br \/>\nIsokatu 17, 68600 Pietarsaari<br \/>\n<a href=\"http:\/\/fotoelite.fi\/\">http:\/\/fotoelite.fi\/<\/a><\/p>\n<h3>PIRKKALA<\/h3>\n<p><strong>KuvaKuisma<\/strong><br \/>\nNaistenmatkantie 76, 33950 Pirkkala<br \/>\n<a href=\"https:\/\/kuvakuisma.fi\/\">https:\/\/kuvakuisma.fi\/<\/a><\/p>\n<h3>PORVOO<\/h3>\n<p><strong>Kar-Foto<\/strong><br \/>\nPiispankatu 28, 06100 Porvoo<br \/>\n<a href=\"https:\/\/www.karfoto.fi\/\">https:\/\/www.karfoto.fi\/<\/a><\/p>\n<h3>RIIHIM\u00c4KI<\/h3>\n<p><strong>Kamera-Piste<\/strong><br \/>\nH\u00e4meenkatu 14, 11100 Riihim\u00e4ki<\/p>\n<h3>ROVANIEMI<\/h3>\n<p><strong>Roifoto<\/strong><br \/>\nRovakatu 25, 96200 Rovaniemi<br \/>\n<a href=\"https:\/\/www.roifoto.fujikuvat.fi\">https:\/\/www.roifoto.fujikuvat.fi<\/a><\/p>\n<h3>SALO<\/h3>\n<p><strong>Kuva-J\u00e4rvinen<\/strong><br \/>\nAnnankatu 8, 24240 Salo<br \/>\n<a href=\"https:\/\/kuva-jarvinen.com\/\">https:\/\/kuva-jarvinen.com\/<\/a><\/p>\n<h3>SOTKAMO<\/h3>\n<p><strong>Niinan Kuva-Piste<\/strong><br \/>\nKainuuntie 26, 88600 Sotkamo<br \/>\n<a href=\"https:\/\/www.niinankuvapiste.fi\/\">https:\/\/www.niinankuvapiste.fi\/<\/a><\/p>\n<h3>TAMPERE<\/h3>\n<p><strong>Potrettipaja<\/strong><br \/>\nRautatienkatu 25 A, 33100 Tampere<br \/>\n<a href=\"https:\/\/www.potrettipaja.fi\/\">https:\/\/www.potrettipaja.fi\/<\/a><\/p>\n<h3>VAASA<\/h3>\n<p><strong>Studio FotoCenter<\/strong><br \/>\nKauppakeskus Rewell 108<br \/>\nYl\u00e4tori, 65100 Vaasa<br \/>\n<a href=\"https:\/\/studiofotocenter.fi\/\">https:\/\/studiofotocenter.fi\/<\/a><\/p>\n<p><strong>Zoomi Kuvakaupat<\/strong><br \/>\nRewell Center, 65100 Vaasa<\/p>\n<p><a href=\"https:\/\/zoomi.fi\/\">https:\/\/zoomi.fi\/<\/a><\/p>\n<h3>VANTAA<\/h3>\n<p><strong>Memofoto<\/strong><br \/>\nAsematie 4-10, 01300 Vantaa<br \/>\n<a href=\"https:\/\/www.memofoto.fi\/\">https:\/\/www.memofoto.fi\/<\/a><\/p>\n<p><strong>Myyrfoto<\/strong><br \/>\nKauppakeskus Myyrmanni, Iskoskuja 3 B 48, 01600 Vantaa<br \/>\n<a href=\"https:\/\/www.myyrfoto.fi\/\">https:\/\/www.myyrfoto.fi\/<\/a><\/p>\n<p><strong>Studio Ruusu<\/strong><br \/>\nMaakotkantie 19, 01450 Vantaa<br \/>\n<a href=\"https:\/\/www.studioruusu.fi\/\">https:\/\/www.studioruusu.fi\/<\/a><\/p>\n","protected":false},"excerpt":{"rendered":"<p>Suomen Fotokaupan Liitto ry:n j\u00e4senliikkeet paikkakunnittain AKAA Timon Kuvakauppa Kirkkotori 1, 37800 Akaa https:\/\/timonkuvakauppa.fi\/ HANKO Foto-Par Ratakatu 9, 10900 Hanko https:\/\/foto-par.fujikuvat.fi\/ HEINOLA Valokuvaamo Irma Kauppakatu 13 A, 18100 Heinola https:\/\/www.valokuvaamoirma.net\/&#8230;<\/p>\n","protected":false},"author":149,"featured_media":0,"parent":0,"menu_order":0,"comment_status":"closed","ping_status":"closed","template":"","meta":{"footnotes":""},"_links":{"self":[{"href":"https:\/\/fotokaupanliitto.fi\/press\/wp-json\/wp\/v2\/pages\/3255"}],"collection":[{"href":"https:\/\/fotokaupanliitto.fi\/press\/wp-json\/wp\/v2\/pages"}],"about":[{"href":"https:\/\/fotokaupanliitto.fi\/press\/wp-json\/wp\/v2\/types\/page"}],"author":[{"embeddable":true,"href":"https:\/\/fotokaupanliitto.fi\/press\/wp-json\/wp\/v2\/users\/149"}],"replies":[{"embeddable":true,"href":"https:\/\/fotokaupanliitto.fi\/press\/wp-json\/wp\/v2\/comments?post=3255"}],"version-history":[{"count":14,"href":"https:\/\/fotokaupanliitto.fi\/press\/wp-json\/wp\/v2\/pages\/3255\/revisions"}],"predecessor-version":[{"id":3344,"href":"https:\/\/fotokaupanliitto.fi\/press\/wp-json\/wp\/v2\/pages\/3255\/revisions\/3344"}],"wp:attachment":[{"href":"https:\/\/fotokaupanliitto.fi\/press\/wp-json\/wp\/v2\/media?parent=3255"}],"curies":[{"name":"wp","href":"https:\/\/api.w.org\/{rel}","templated":true}]}}