{"id":39,"date":"2011-10-26T14:22:31","date_gmt":"2011-10-26T14:22:31","guid":{"rendered":"http:\/\/fotokaupanliitto.fi\/press\/?page_id=39"},"modified":"2026-01-27T15:57:37","modified_gmt":"2026-01-27T13:57:37","slug":"jasenyys","status":"publish","type":"page","link":"https:\/\/fotokaupanliitto.fi\/press\/fotokaupanliitto\/jasenyys\/","title":{"rendered":"J\u00e4senyys"},"content":{"rendered":"<p><a href=\"https:\/\/fotokaupanliitto.fi\/press\/wp-content\/uploads\/2018\/04\/LOGO-SUOMI-5x5cm.jpg\"><img loading=\"lazy\" decoding=\"async\" class=\"alignleft wp-image-2741 size-thumbnail\" src=\"https:\/\/fotokaupanliitto.fi\/press\/wp-content\/uploads\/2018\/04\/LOGO-SUOMI-5x5cm-150x150.jpg\" alt=\"\" width=\"150\" height=\"150\" srcset=\"https:\/\/fotokaupanliitto.fi\/press\/wp-content\/uploads\/2018\/04\/LOGO-SUOMI-5x5cm-150x150.jpg 150w, https:\/\/fotokaupanliitto.fi\/press\/wp-content\/uploads\/2018\/04\/LOGO-SUOMI-5x5cm-300x300.jpg 300w, https:\/\/fotokaupanliitto.fi\/press\/wp-content\/uploads\/2018\/04\/LOGO-SUOMI-5x5cm-66x66.jpg 66w, https:\/\/fotokaupanliitto.fi\/press\/wp-content\/uploads\/2018\/04\/LOGO-SUOMI-5x5cm.jpg 591w\" sizes=\"(max-width: 150px) 100vw, 150px\" \/><\/a><\/p>\n<p>&nbsp;<\/p>\n<p>&nbsp;<\/p>\n<p>&nbsp;<\/p>\n<p>&nbsp;<\/p>\n<p><strong>Liiton tarkoitus on toimia valokuvaustarvikev\u00e4hitt\u00e4iskauppaa harjoittavien henkil\u00f6iden ja yhteis\u00f6jen aatteellisena etuj\u00e4rjest\u00f6n\u00e4, teht\u00e4v\u00e4n\u00e4\u00e4n:<\/strong><\/p>\n<ul>\n<li>kehitt\u00e4\u00e4 valokuvausalan markkinoiden yleisi\u00e4 edellytyksi\u00e4 ja vahvistaa alan erikoiskaupan asemaa<\/li>\n<li>edist\u00e4\u00e4 j\u00e4senten yleisi\u00e4 ja yhteisi\u00e4 etuja yritt\u00e4j\u00e4toiminnassa ja ty\u00f6nantajana<\/li>\n<li>kehitt\u00e4\u00e4 valokuvaustarvikekauppa-alaa ja ty\u00f6skennell\u00e4 alan ammattikoulutuksen hyv\u00e4ksi<\/li>\n<li>edustaa liiton j\u00e4senin\u00e4 olevia valokuvaustarvikekauppiaita yhteisiss\u00e4 asioissa<\/li>\n<li>ty\u00f6skennell\u00e4 terveiden myyntiperiaatteiden yll\u00e4pit\u00e4miseksi ja ammattihengen lujittamiseksi sek\u00e4 edist\u00e4\u00e4 yhteenkuuluvaisuuden tunnetta j\u00e4sentens\u00e4 ja koko valokuvaustarvikealan kauppiaskunnan keskuudessa<\/li>\n<li>ty\u00f6skennell\u00e4 hyvien suhteiden aikaansaamiseksi alan teollisuuden, tukkukaupan ja maahantuojien kesken sek\u00e4 pyrki\u00e4 mahdollisuuksiensa mukaan poistamaan alalla vallitseva ep\u00e4terve kilpailu<\/li>\n<\/ul>\n<p><span style=\"color: #333333;\"><strong><span style=\"color: #800000;\">Turvaa oman yrityksesi tulevaisuus, ja liity mukaan!<\/span><\/strong><br \/>\n<\/span>Suomen Fotokaupan Liiton j\u00e4senen\u00e4 pid\u00e4t huolta suomalaisen valokuvaerikoiskaupan asemasta nyt ja huomenna.<\/p>\n<p>Oletko maahantuoja? Haluatko tavoittaa kauppiaat helposti ja luotettavasti? Haluatko olla mukana vahvistamassa ja kasvattamassa suomalaista fotokaupan alaa? Kaipaatko lis\u00e4tietoja yhteistoimintaj\u00e4senyydest\u00e4?<br \/>\nLue lis\u00e4\u00e4: <a href=\"https:\/\/fotokaupanliitto.fi\/press\/wp-content\/uploads\/2015\/01\/Yhteistoimintaj\u00e4senyys-2015.pdf\">Yhteistoimintaj\u00e4senyys<\/a><\/p>\n<p><strong>J\u00e4seneksi liittyminen on helppoa ja nopeaa!<\/strong><\/p>\n<p><strong>Toimi n\u00e4in:<\/strong><\/p>\n<ul>\n<li>lataa t\u00e4st\u00e4 j\u00e4senhakemus PDF-muodossa tietokoneellesi ja postita se toimistoomme:\u00a0<span style=\"color: #ff0000;\"><span style=\"color: #ff0000;\"><span style=\"color: #000000;\"><a href=\"https:\/\/fotokaupanliitto.fi\/press\/wp-content\/uploads\/2011\/10\/J\u00e4senhakemus2013.pdf\">J\u00e4senhakemus<\/a> tai<\/span><\/span><\/span><\/li>\n<li>l\u00e4het\u00e4 j\u00e4senhakemuksessa kysytyt tiedot s\u00e4hk\u00f6postilla osoitteeseen: toimisto(\u00e4t)fotokaupanliitto.fi<\/li>\n<\/ul>\n<p>Saat s\u00e4hk\u00f6postitse ilmoituksen, kun j\u00e4senyytesi on rekister\u00f6ity.<\/p>\n<p>Lis\u00e4tietoja antaa liiton hallitus. Kaikki yhteystiedot l\u00f6ytyv\u00e4t<a href=\"https:\/\/fotokaupanliitto.fi\/press\/hallitus-2018\/\" target=\"_blank\" rel=\"noopener noreferrer\"> t\u00e4\u00e4lt\u00e4.<\/a><\/p>\n<p>J\u00e4senmaksut varsinaisille j\u00e4senille m\u00e4\u00e4r\u00e4ytyv\u00e4t liikevaihdon mukaisesti. J\u00e4senmaksutaulukot tarkastetaan ja vahvistetaan vuosittain Suomen Fotokaupan Liiton vuosikokouksessa.<br \/>\nVuonna 2026 varsinaisten j\u00e4senten j\u00e4senmaksut uudistuvat, t\u00e4ll\u00f6in alle 100 000\u20ac liikevaihdolla vuotuinen j\u00e4senmaksu on 100\u20ac ja yli 100 000\u20ac liikevaihdolla 200\u20ac. Yhteistoimintaj\u00e4senen j\u00e4senmaksu s\u00e4ilyy 290\u20ac:ssa.<\/p>\n<p><strong><br \/>\nMuista my\u00f6s tarpeen tullen p\u00e4ivitt\u00e4\u00e4 j\u00e4sentietosi, jottei yksik\u00e4\u00e4n t\u00e4rke\u00e4 tiedotteemme j\u00e4\u00e4 sinulta vastaanottamatta!<\/strong><\/p>\n<p><span style=\"color: #808080;\"><strong>Suomen Fotokaupan Liitto \u2013 Suomalaisen fotokaupan puolesta!\u00a0<\/strong><\/span><\/p>\n","protected":false},"excerpt":{"rendered":"<p>&nbsp; &nbsp; &nbsp; &nbsp; Liiton tarkoitus on toimia valokuvaustarvikev\u00e4hitt\u00e4iskauppaa harjoittavien henkil\u00f6iden ja yhteis\u00f6jen aatteellisena etuj\u00e4rjest\u00f6n\u00e4, teht\u00e4v\u00e4n\u00e4\u00e4n: kehitt\u00e4\u00e4 valokuvausalan markkinoiden yleisi\u00e4 edellytyksi\u00e4 ja vahvistaa alan erikoiskaupan asemaa edist\u00e4\u00e4 j\u00e4senten yleisi\u00e4 ja&#8230;<\/p>\n","protected":false},"author":1,"featured_media":0,"parent":28,"menu_order":0,"comment_status":"open","ping_status":"open","template":"","meta":{"footnotes":""},"_links":{"self":[{"href":"https:\/\/fotokaupanliitto.fi\/press\/wp-json\/wp\/v2\/pages\/39"}],"collection":[{"href":"https:\/\/fotokaupanliitto.fi\/press\/wp-json\/wp\/v2\/pages"}],"about":[{"href":"https:\/\/fotokaupanliitto.fi\/press\/wp-json\/wp\/v2\/types\/page"}],"author":[{"embeddable":true,"href":"https:\/\/fotokaupanliitto.fi\/press\/wp-json\/wp\/v2\/users\/1"}],"replies":[{"embeddable":true,"href":"https:\/\/fotokaupanliitto.fi\/press\/wp-json\/wp\/v2\/comments?post=39"}],"version-history":[{"count":40,"href":"https:\/\/fotokaupanliitto.fi\/press\/wp-json\/wp\/v2\/pages\/39\/revisions"}],"predecessor-version":[{"id":3351,"href":"https:\/\/fotokaupanliitto.fi\/press\/wp-json\/wp\/v2\/pages\/39\/revisions\/3351"}],"up":[{"embeddable":true,"href":"https:\/\/fotokaupanliitto.fi\/press\/wp-json\/wp\/v2\/pages\/28"}],"wp:attachment":[{"href":"https:\/\/fotokaupanliitto.fi\/press\/wp-json\/wp\/v2\/media?parent=39"}],"curies":[{"name":"wp","href":"https:\/\/api.w.org\/{rel}","templated":true}]}}